{"id":110,"date":"2014-01-02T19:32:39","date_gmt":"2014-01-02T19:32:39","guid":{"rendered":"http:\/\/localhost\/?page_id=110"},"modified":"2025-09-30T15:49:16","modified_gmt":"2025-09-30T15:49:16","slug":"history-brazil","status":"publish","type":"page","link":"https:\/\/www.hellsangels.com.br\/","title":{"rendered":"HELLS ANGELS MC BRAZIL"},"content":{"rendered":"<p><img loading=\"lazy\" class=\"alignright size-full wp-image-390\" src=\"http:\/\/www.hellsangels.com.br\/wp-content\/uploads\/2014\/01\/brazilmap2.png\" alt=\"brazilmap\" width=\"460\" height=\"461\" srcset=\"https:\/\/www.hellsangels.com.br\/wp-content\/uploads\/2014\/01\/brazilmap2.png 460w, https:\/\/www.hellsangels.com.br\/wp-content\/uploads\/2014\/01\/brazilmap2-150x150.png 150w, https:\/\/www.hellsangels.com.br\/wp-content\/uploads\/2014\/01\/brazilmap2-300x300.png 300w, https:\/\/www.hellsangels.com.br\/wp-content\/uploads\/2014\/01\/brazilmap2-184x184.png 184w\" sizes=\"(max-width: 460px) 100vw, 460px\" \/><strong>Hells Angels MC Brazil<\/strong> come\u00e7ou sua hist\u00f3ria na cidade do Rio de Janeiro em 1974, quando um seleto grupo de amigos que dividiam a paix\u00e3o por motocicletas decidiu come\u00e7ar o que mais tarde seria o primeiro clube Hells Angels na Am\u00e9rica do Sul. No come\u00e7o, os membros se encontravam regularmente nas ruas da cidade, pois n\u00e3o havia uma sede. Ao passar dos anos o clube foi se estruturando e em 1982 inaugurou sua primeira sede. Os primeiros contatos foram feitos com os Estados Unidos. Hells Angels MC Brazil se juntou a \u201cliga mundial\u201d em 16 de junho de 1984 quando o clube do Rio de Janeiro foi aprovado como o 54th Clube Hells Angels no mundo. Hoje, temos clubes em todos os continentes do planeta. Na Am\u00e9rica do Sul, o Brasil foi o primeiro, depois Argentina, Chile, Uruguai, Equador, Peru, Col\u00f4mbia, Paraguai e Bol\u00edvia. No Brasil temos clubes nas cidades do <strong>Rio de Janeiro<\/strong>, <strong>Manaus<\/strong>, <strong>S\u00e3o Paulo<\/strong>, <strong>Goi\u00e2nia<\/strong>, <strong>Bras\u00edlia<\/strong>, <strong>Salvador<\/strong>, <strong>Campo Grande,<\/strong> <strong>Belo Horizonte<\/strong>,&nbsp;<strong>Curitiba,<\/strong><strong> Bauru, Montes Claros, Osasco e Florian\u00f3polis<\/strong>. Os Hells Angels MC v\u00eam crescendo e hoje temos clubes em mais de 60 pa\u00edses. Refor\u00e7ando a nossa posi\u00e7\u00e3o como o maior \u201cMOTO CLUBE\u201d do mundo.<\/p>\n","protected":false},"excerpt":{"rendered":"<p>Hells Angels MC Brazil come\u00e7ou sua hist\u00f3ria na cidade do Rio de Janeiro em 1974, quando um seleto grupo de amigos que dividiam a paix\u00e3o por motocicletas decidiu come\u00e7ar o que mais tarde seria o primeiro clube Hells Angels na Am\u00e9rica do Sul. No come\u00e7o, os membros se encontravam regularmente nas ruas da cidade, pois [&hellip;]<\/p>\n","protected":false},"author":1,"featured_media":0,"parent":0,"menu_order":0,"comment_status":"open","ping_status":"open","template":"page-full.php","meta":{"ngg_post_thumbnail":0},"_links":{"self":[{"href":"https:\/\/www.hellsangels.com.br\/index.php?rest_route=\/wp\/v2\/pages\/110"}],"collection":[{"href":"https:\/\/www.hellsangels.com.br\/index.php?rest_route=\/wp\/v2\/pages"}],"about":[{"href":"https:\/\/www.hellsangels.com.br\/index.php?rest_route=\/wp\/v2\/types\/page"}],"author":[{"embeddable":true,"href":"https:\/\/www.hellsangels.com.br\/index.php?rest_route=\/wp\/v2\/users\/1"}],"replies":[{"embeddable":true,"href":"https:\/\/www.hellsangels.com.br\/index.php?rest_route=%2Fwp%2Fv2%2Fcomments&post=110"}],"version-history":[{"count":38,"href":"https:\/\/www.hellsangels.com.br\/index.php?rest_route=\/wp\/v2\/pages\/110\/revisions"}],"predecessor-version":[{"id":1190,"href":"https:\/\/www.hellsangels.com.br\/index.php?rest_route=\/wp\/v2\/pages\/110\/revisions\/1190"}],"wp:attachment":[{"href":"https:\/\/www.hellsangels.com.br\/index.php?rest_route=%2Fwp%2Fv2%2Fmedia&parent=110"}],"curies":[{"name":"wp","href":"https:\/\/api.w.org\/{rel}","templated":true}]}}