{"id":336,"date":"2015-05-17T06:39:46","date_gmt":"2015-05-17T06:39:46","guid":{"rendered":"http:\/\/www.hellsangels.com.br\/?page_id=336"},"modified":"2026-03-12T23:11:42","modified_gmt":"2026-03-12T23:11:42","slug":"support-81","status":"publish","type":"page","link":"https:\/\/www.hellsangels.com.br\/?page_id=336","title":{"rendered":"Support 81"},"content":{"rendered":"<p><strong>O que \u00e9 Big Red Machine?<\/strong><br \/>\nBig Red Machine ou BRM (Grande M\u00e1quina Vermelha) \u00e9 uma marca usada para divulgarmos nossos produtos, destinados ao p\u00fablico em geral, independente do sexo, idade, se motociclista ou n\u00e3o. \u00c9 uma refer\u00eancia ao Club HAMC e tamb\u00e9m uma forma de identificar os pontos de venda de produtos destinados aos Supporters do Club.<\/p>\n<p><strong>O que \u00e9 ser um SUPPORT 81?<\/strong><br \/>\nUm Support 81 \u00e9 qualquer pessoa, de qualquer sexo, idade, motociclista ou n\u00e3o, que tenha entusiasmo, admira\u00e7\u00e3o, vibra\u00e7\u00e3o e apre\u00e7o por Hells Angels MC e sua filosofia de vida. Se voc\u00ea possui alguma dessas caracter\u00edsticas, voc\u00ea j\u00e1 pode ser considerado um Support81.<br \/>\nAo adquirir materiais Support 81, da Big Red Machine, dentre camisas, bon\u00e9s, chaveiros, cintos, canecas etc, voc\u00ea fortalece sua rela\u00e7\u00e3o como Support 81 e ajuda a divulgar o Club HAMC e sua marca.<br \/>\nAo comparecer \u00e0s nossas festas e eventos, voc\u00ea tem a oportunidade de tirar outras d\u00favidas, estreitar seus la\u00e7os e fortalecer sua condi\u00e7\u00e3o de Support81.<br \/>\nSer Support81 \u00e9 demonstrar afei\u00e7\u00e3o ao Club, mas n\u00e3o implica em nenhum compromisso para com o Club ou com seus Membros. Apenas ocorre uma rela\u00e7\u00e3o de respeito, admira\u00e7\u00e3o e amizade m\u00fatua.<\/p>\n<p><strong>O que \u00e9 ser um Motoclube\/Motogrupo Support81?<\/strong><br \/>\nEnvolvem as mesmas caracter\u00edsticas de uma pessoa que \u00e9 Support81, entretanto, institucionalizada na figura jur\u00eddica do Motoclube como um todo. Em outras palavras, \u00e9 um Motoclube cujos integrantes t\u00eam as mesmas posturas individualizadas de um Support81 e desenvolvem um la\u00e7o de amizade, companheirismo e proximidade, n\u00e3o requerendo, da mesma forma, qualquer compromisso para com o Club HAMC.<br \/>\nUm Motoclube Support81 pode manter seu nome e cores originais, caso j\u00e1 exista ou pode ser montado com nomes e cores a serem definidos pelo Club HAMC de vincula\u00e7\u00e3o.<\/p>\n<p><a href=\"http:\/\/www.hellsangels.com.br\/wp-content\/uploads\/2022\/03\/WhatsApp-Image-2022-03-17-at-20.01.14.jpeg\"><img loading=\"lazy\" class=\"alignnone wp-image-1043\" src=\"http:\/\/www.hellsangels.com.br\/wp-content\/uploads\/2022\/03\/WhatsApp-Image-2022-03-17-at-20.01.14-300x300.jpeg\" alt=\"\" width=\"225\" height=\"225\" srcset=\"https:\/\/www.hellsangels.com.br\/wp-content\/uploads\/2022\/03\/WhatsApp-Image-2022-03-17-at-20.01.14-300x300.jpeg 300w, https:\/\/www.hellsangels.com.br\/wp-content\/uploads\/2022\/03\/WhatsApp-Image-2022-03-17-at-20.01.14-1024x1024.jpeg 1024w, https:\/\/www.hellsangels.com.br\/wp-content\/uploads\/2022\/03\/WhatsApp-Image-2022-03-17-at-20.01.14-150x150.jpeg 150w, https:\/\/www.hellsangels.com.br\/wp-content\/uploads\/2022\/03\/WhatsApp-Image-2022-03-17-at-20.01.14-768x768.jpeg 768w, https:\/\/www.hellsangels.com.br\/wp-content\/uploads\/2022\/03\/WhatsApp-Image-2022-03-17-at-20.01.14-184x184.jpeg 184w, https:\/\/www.hellsangels.com.br\/wp-content\/uploads\/2022\/03\/WhatsApp-Image-2022-03-17-at-20.01.14.jpeg 1080w\" sizes=\"(max-width: 225px) 100vw, 225px\" \/><\/a><a href=\"http:\/\/www.hellsangels.com.br\/wp-content\/uploads\/2022\/03\/WhatsApp-Image-2022-03-17-at-20.01.17-1.jpeg\"><img loading=\"lazy\" class=\"alignnone wp-image-1055\" src=\"http:\/\/www.hellsangels.com.br\/wp-content\/uploads\/2022\/03\/WhatsApp-Image-2022-03-17-at-20.01.17-1-300x300.jpeg\" alt=\"\" width=\"225\" height=\"225\" srcset=\"https:\/\/www.hellsangels.com.br\/wp-content\/uploads\/2022\/03\/WhatsApp-Image-2022-03-17-at-20.01.17-1-300x300.jpeg 300w, https:\/\/www.hellsangels.com.br\/wp-content\/uploads\/2022\/03\/WhatsApp-Image-2022-03-17-at-20.01.17-1-1024x1024.jpeg 1024w, https:\/\/www.hellsangels.com.br\/wp-content\/uploads\/2022\/03\/WhatsApp-Image-2022-03-17-at-20.01.17-1-150x150.jpeg 150w, https:\/\/www.hellsangels.com.br\/wp-content\/uploads\/2022\/03\/WhatsApp-Image-2022-03-17-at-20.01.17-1-768x768.jpeg 768w, https:\/\/www.hellsangels.com.br\/wp-content\/uploads\/2022\/03\/WhatsApp-Image-2022-03-17-at-20.01.17-1-184x184.jpeg 184w, https:\/\/www.hellsangels.com.br\/wp-content\/uploads\/2022\/03\/WhatsApp-Image-2022-03-17-at-20.01.17-1.jpeg 1080w\" sizes=\"(max-width: 225px) 100vw, 225px\" \/><\/a><a href=\"http:\/\/www.hellsangels.com.br\/wp-content\/uploads\/2022\/03\/WhatsApp-Image-2022-03-17-at-20.01.16.jpeg\"><img loading=\"lazy\" class=\"alignnone wp-image-1044\" src=\"http:\/\/www.hellsangels.com.br\/wp-content\/uploads\/2022\/03\/WhatsApp-Image-2022-03-17-at-20.01.16-300x300.jpeg\" alt=\"\" width=\"225\" height=\"225\" srcset=\"https:\/\/www.hellsangels.com.br\/wp-content\/uploads\/2022\/03\/WhatsApp-Image-2022-03-17-at-20.01.16-300x300.jpeg 300w, https:\/\/www.hellsangels.com.br\/wp-content\/uploads\/2022\/03\/WhatsApp-Image-2022-03-17-at-20.01.16-1024x1024.jpeg 1024w, https:\/\/www.hellsangels.com.br\/wp-content\/uploads\/2022\/03\/WhatsApp-Image-2022-03-17-at-20.01.16-150x150.jpeg 150w, https:\/\/www.hellsangels.com.br\/wp-content\/uploads\/2022\/03\/WhatsApp-Image-2022-03-17-at-20.01.16-768x768.jpeg 768w, https:\/\/www.hellsangels.com.br\/wp-content\/uploads\/2022\/03\/WhatsApp-Image-2022-03-17-at-20.01.16-184x184.jpeg 184w, https:\/\/www.hellsangels.com.br\/wp-content\/uploads\/2022\/03\/WhatsApp-Image-2022-03-17-at-20.01.16.jpeg 1080w\" sizes=\"(max-width: 225px) 100vw, 225px\" \/><\/a><\/p>\n<p style=\"text-align: center; font-size: 300%;\"><a href=\"http:\/\/www.hellsangels.com.br\/wp-content\/uploads\/2025\/03\/Support_81_FRAUDE.jpg\"><img loading=\"lazy\" class=\"size-medium wp-image-1155 alignnone\" src=\"http:\/\/www.hellsangels.com.br\/wp-content\/uploads\/2025\/03\/Support_81_FRAUDE-250x300.jpg\" alt=\"\" width=\"250\" height=\"300\" srcset=\"https:\/\/www.hellsangels.com.br\/wp-content\/uploads\/2025\/03\/Support_81_FRAUDE-250x300.jpg 250w, https:\/\/www.hellsangels.com.br\/wp-content\/uploads\/2025\/03\/Support_81_FRAUDE-768x922.jpg 768w, https:\/\/www.hellsangels.com.br\/wp-content\/uploads\/2025\/03\/Support_81_FRAUDE.jpg 853w\" sizes=\"(max-width: 250px) 100vw, 250px\" \/><\/a><\/p>\n<p style=\"text-align: center;\"><img loading=\"lazy\" class=\" wp-image-345\" src=\"http:\/\/www.hellsangels.com.br\/wp-content\/uploads\/2015\/05\/redspirits.png\" alt=\"redspirits\" width=\"228\" height=\"270\"><a href=\"http:\/\/www.hellsangels.com.br\/wp-content\/uploads\/2025\/08\/SiteDevilsRiders-removebg-preview.png\"><img loading=\"lazy\" class=\"wp-image-1178 alignnone\" src=\"http:\/\/www.hellsangels.com.br\/wp-content\/uploads\/2025\/08\/SiteDevilsRiders-removebg-preview-250x300.png\" alt=\"\" width=\"236\" height=\"283\" srcset=\"https:\/\/www.hellsangels.com.br\/wp-content\/uploads\/2025\/08\/SiteDevilsRiders-removebg-preview-250x300.png 250w, https:\/\/www.hellsangels.com.br\/wp-content\/uploads\/2025\/08\/SiteDevilsRiders-removebg-preview.png 456w\" sizes=\"(max-width: 236px) 100vw, 236px\" \/><\/a><a href=\"http:\/\/www.hellsangels.com.br\/wp-content\/uploads\/2025\/03\/Design-sem-nome-1.png\"><img loading=\"lazy\" class=\"wp-image-1153 alignnone\" src=\"http:\/\/www.hellsangels.com.br\/wp-content\/uploads\/2025\/03\/Design-sem-nome-1-300x300.png\" alt=\"\" width=\"267\" height=\"267\" srcset=\"https:\/\/www.hellsangels.com.br\/wp-content\/uploads\/2025\/03\/Design-sem-nome-1-300x300.png 300w, https:\/\/www.hellsangels.com.br\/wp-content\/uploads\/2025\/03\/Design-sem-nome-1-150x150.png 150w, https:\/\/www.hellsangels.com.br\/wp-content\/uploads\/2025\/03\/Design-sem-nome-1-184x184.png 184w, https:\/\/www.hellsangels.com.br\/wp-content\/uploads\/2025\/03\/Design-sem-nome-1.png 750w\" sizes=\"(max-width: 267px) 100vw, 267px\" \/><\/a><a href=\"http:\/\/www.hellsangels.com.br\/wp-content\/uploads\/2025\/03\/Picsart_25-03-11_20-19-31-290.png\"><img loading=\"lazy\" class=\"alignnone  wp-image-1159\" src=\"http:\/\/www.hellsangels.com.br\/wp-content\/uploads\/2025\/03\/Picsart_25-03-11_20-19-31-290-300x298.png\" alt=\"\" width=\"308\" height=\"306\" srcset=\"https:\/\/www.hellsangels.com.br\/wp-content\/uploads\/2025\/03\/Picsart_25-03-11_20-19-31-290-300x298.png 300w, https:\/\/www.hellsangels.com.br\/wp-content\/uploads\/2025\/03\/Picsart_25-03-11_20-19-31-290-150x150.png 150w, https:\/\/www.hellsangels.com.br\/wp-content\/uploads\/2025\/03\/Picsart_25-03-11_20-19-31-290-768x762.png 768w, https:\/\/www.hellsangels.com.br\/wp-content\/uploads\/2025\/03\/Picsart_25-03-11_20-19-31-290-184x184.png 184w, https:\/\/www.hellsangels.com.br\/wp-content\/uploads\/2025\/03\/Picsart_25-03-11_20-19-31-290.png 828w\" sizes=\"(max-width: 308px) 100vw, 308px\" \/><\/a><a href=\"http:\/\/www.hellsangels.com.br\/wp-content\/uploads\/2025\/09\/WhatsApp_Image_2025-09-01_at_11.14.11-removebg-preview.png\"><img loading=\"lazy\" class=\"alignnone size-medium wp-image-1183\" src=\"http:\/\/www.hellsangels.com.br\/wp-content\/uploads\/2025\/09\/WhatsApp_Image_2025-09-01_at_11.14.11-removebg-preview-281x300.png\" alt=\"\" width=\"281\" height=\"300\" srcset=\"https:\/\/www.hellsangels.com.br\/wp-content\/uploads\/2025\/09\/WhatsApp_Image_2025-09-01_at_11.14.11-removebg-preview-281x300.png 281w, https:\/\/www.hellsangels.com.br\/wp-content\/uploads\/2025\/09\/WhatsApp_Image_2025-09-01_at_11.14.11-removebg-preview.png 484w\" sizes=\"(max-width: 281px) 100vw, 281px\" \/><\/a><a href=\"http:\/\/www.hellsangels.com.br\/wp-content\/uploads\/2025\/09\/WhatsApp_Image_2025-09-01_at_11.14.12-removebg-preview.png\"><img loading=\"lazy\" class=\"alignnone  wp-image-1184\" src=\"http:\/\/www.hellsangels.com.br\/wp-content\/uploads\/2025\/09\/WhatsApp_Image_2025-09-01_at_11.14.12-removebg-preview-300x274.png\" alt=\"\" width=\"326\" height=\"298\" srcset=\"https:\/\/www.hellsangels.com.br\/wp-content\/uploads\/2025\/09\/WhatsApp_Image_2025-09-01_at_11.14.12-removebg-preview-300x274.png 300w, https:\/\/www.hellsangels.com.br\/wp-content\/uploads\/2025\/09\/WhatsApp_Image_2025-09-01_at_11.14.12-removebg-preview.png 523w\" sizes=\"(max-width: 326px) 100vw, 326px\" \/><\/a><a href=\"http:\/\/www.hellsangels.com.br\/wp-content\/uploads\/2025\/03\/SiteLogoEVILBASTARD_BBH-removebg-preview.png\"><img loading=\"lazy\" class=\"alignnone size-medium wp-image-1161\" src=\"http:\/\/www.hellsangels.com.br\/wp-content\/uploads\/2025\/03\/SiteLogoEVILBASTARD_BBH-removebg-preview-250x300.png\" alt=\"\" width=\"250\" height=\"300\" srcset=\"https:\/\/www.hellsangels.com.br\/wp-content\/uploads\/2025\/03\/SiteLogoEVILBASTARD_BBH-removebg-preview-250x300.png 250w, https:\/\/www.hellsangels.com.br\/wp-content\/uploads\/2025\/03\/SiteLogoEVILBASTARD_BBH-removebg-preview.png 456w\" sizes=\"(max-width: 250px) 100vw, 250px\" \/><\/a><a href=\"http:\/\/www.hellsangels.com.br\/wp-content\/uploads\/2026\/03\/Sem_Titulo-removebg-preview.png\"><img loading=\"lazy\" class=\"alignnone  wp-image-1206\" src=\"http:\/\/www.hellsangels.com.br\/wp-content\/uploads\/2026\/03\/Sem_Titulo-removebg-preview-292x300.png\" alt=\"\" width=\"271\" height=\"279\" srcset=\"https:\/\/www.hellsangels.com.br\/wp-content\/uploads\/2026\/03\/Sem_Titulo-removebg-preview-292x300.png 292w, https:\/\/www.hellsangels.com.br\/wp-content\/uploads\/2026\/03\/Sem_Titulo-removebg-preview.png 493w\" sizes=\"(max-width: 271px) 100vw, 271px\" \/><\/a><\/p>\n","protected":false},"excerpt":{"rendered":"<p>O que \u00e9 Big Red Machine? Big Red Machine ou BRM (Grande M\u00e1quina Vermelha) \u00e9 uma marca usada para divulgarmos nossos produtos, destinados ao p\u00fablico em geral, independente do sexo, idade, se motociclista ou n\u00e3o. \u00c9 uma refer\u00eancia ao Club HAMC e tamb\u00e9m uma forma de identificar os pontos de venda de produtos destinados aos [&hellip;]<\/p>\n","protected":false},"author":1,"featured_media":0,"parent":0,"menu_order":0,"comment_status":"open","ping_status":"open","template":"page-full.php","meta":{"ngg_post_thumbnail":0},"_links":{"self":[{"href":"https:\/\/www.hellsangels.com.br\/index.php?rest_route=\/wp\/v2\/pages\/336"}],"collection":[{"href":"https:\/\/www.hellsangels.com.br\/index.php?rest_route=\/wp\/v2\/pages"}],"about":[{"href":"https:\/\/www.hellsangels.com.br\/index.php?rest_route=\/wp\/v2\/types\/page"}],"author":[{"embeddable":true,"href":"https:\/\/www.hellsangels.com.br\/index.php?rest_route=\/wp\/v2\/users\/1"}],"replies":[{"embeddable":true,"href":"https:\/\/www.hellsangels.com.br\/index.php?rest_route=%2Fwp%2Fv2%2Fcomments&post=336"}],"version-history":[{"count":108,"href":"https:\/\/www.hellsangels.com.br\/index.php?rest_route=\/wp\/v2\/pages\/336\/revisions"}],"predecessor-version":[{"id":1210,"href":"https:\/\/www.hellsangels.com.br\/index.php?rest_route=\/wp\/v2\/pages\/336\/revisions\/1210"}],"wp:attachment":[{"href":"https:\/\/www.hellsangels.com.br\/index.php?rest_route=%2Fwp%2Fv2%2Fmedia&parent=336"}],"curies":[{"name":"wp","href":"https:\/\/api.w.org\/{rel}","templated":true}]}}